{"id":485,"date":"2013-04-22T07:52:02","date_gmt":"2013-04-22T05:52:02","guid":{"rendered":"http:\/\/rutkaitamas.hu\/?page_id=485"},"modified":"2022-12-29T19:43:08","modified_gmt":"2022-12-29T18:43:08","slug":"emlosok","status":"publish","type":"page","link":"https:\/\/rutkaitamas.hu\/?page_id=485","title":{"rendered":"Eml\u0151s\u00f6k"},"content":{"rendered":"\n<div class=\"ngg-galleryoverview\" id=\"ngg-gallery-9-485\">\n\n\n\t\n\t<!-- Thumbnails -->\n\t\t\n\t<div id=\"ngg-image-966\" class=\"ngg-gallery-thumbnail-box\"  >\n\t\t<div class=\"ngg-gallery-thumbnail\" >\n\t\t\t<a href=\"https:\/\/rutkaitamas.hu\/wp-content\/gallery\/emlosok\/img_1872.jpg\" title=\" \" class=\"shutterset_set_9\" >\n\t\t\t\t\t\t\t\t<img loading=\"lazy\" decoding=\"async\" title=\"img_1872\" alt=\"img_1872\" src=\"https:\/\/rutkaitamas.hu\/wp-content\/gallery\/emlosok\/thumbs\/thumbs_img_1872.jpg\" width=\"100\" height=\"75\" \/>\n\t\t\t\t\t\t\t<\/a>\n\t\t<\/div>\n\t<\/div>\n\t\n\t\t\n \t\t\n\t<div id=\"ngg-image-965\" class=\"ngg-gallery-thumbnail-box\"  >\n\t\t<div class=\"ngg-gallery-thumbnail\" >\n\t\t\t<a href=\"https:\/\/rutkaitamas.hu\/wp-content\/gallery\/emlosok\/img_1865.jpg\" title=\" \" class=\"shutterset_set_9\" >\n\t\t\t\t\t\t\t\t<img loading=\"lazy\" decoding=\"async\" title=\"img_1865\" alt=\"img_1865\" src=\"https:\/\/rutkaitamas.hu\/wp-content\/gallery\/emlosok\/thumbs\/thumbs_img_1865.jpg\" width=\"100\" height=\"75\" \/>\n\t\t\t\t\t\t\t<\/a>\n\t\t<\/div>\n\t<\/div>\n\t\n\t\t\n \t\t\n\t<div id=\"ngg-image-964\" class=\"ngg-gallery-thumbnail-box\"  >\n\t\t<div class=\"ngg-gallery-thumbnail\" >\n\t\t\t<a href=\"https:\/\/rutkaitamas.hu\/wp-content\/gallery\/emlosok\/img_1863.jpg\" title=\" \" class=\"shutterset_set_9\" >\n\t\t\t\t\t\t\t\t<img loading=\"lazy\" decoding=\"async\" title=\"img_1863\" alt=\"img_1863\" src=\"https:\/\/rutkaitamas.hu\/wp-content\/gallery\/emlosok\/thumbs\/thumbs_img_1863.jpg\" width=\"100\" height=\"75\" \/>\n\t\t\t\t\t\t\t<\/a>\n\t\t<\/div>\n\t<\/div>\n\t\n\t\t\n \t\t\n\t<div id=\"ngg-image-963\" class=\"ngg-gallery-thumbnail-box\"  >\n\t\t<div class=\"ngg-gallery-thumbnail\" >\n\t\t\t<a href=\"https:\/\/rutkaitamas.hu\/wp-content\/gallery\/emlosok\/img_1861.jpg\" title=\" \" class=\"shutterset_set_9\" >\n\t\t\t\t\t\t\t\t<img loading=\"lazy\" decoding=\"async\" title=\"img_1861\" alt=\"img_1861\" src=\"https:\/\/rutkaitamas.hu\/wp-content\/gallery\/emlosok\/thumbs\/thumbs_img_1861.jpg\" width=\"100\" height=\"75\" \/>\n\t\t\t\t\t\t\t<\/a>\n\t\t<\/div>\n\t<\/div>\n\t\n\t\t\n \t\t\n\t<div id=\"ngg-image-962\" class=\"ngg-gallery-thumbnail-box\"  >\n\t\t<div class=\"ngg-gallery-thumbnail\" >\n\t\t\t<a href=\"https:\/\/rutkaitamas.hu\/wp-content\/gallery\/emlosok\/img_1764.jpg\" title=\" \" class=\"shutterset_set_9\" >\n\t\t\t\t\t\t\t\t<img loading=\"lazy\" decoding=\"async\" title=\"img_1764\" alt=\"img_1764\" src=\"https:\/\/rutkaitamas.hu\/wp-content\/gallery\/emlosok\/thumbs\/thumbs_img_1764.jpg\" width=\"100\" height=\"75\" \/>\n\t\t\t\t\t\t\t<\/a>\n\t\t<\/div>\n\t<\/div>\n\t\n\t\t\n \t\t\n\t<div id=\"ngg-image-957\" class=\"ngg-gallery-thumbnail-box\"  >\n\t\t<div class=\"ngg-gallery-thumbnail\" >\n\t\t\t<a href=\"https:\/\/rutkaitamas.hu\/wp-content\/gallery\/emlosok\/img_1746.jpg\" title=\" \" class=\"shutterset_set_9\" >\n\t\t\t\t\t\t\t\t<img loading=\"lazy\" decoding=\"async\" title=\"img_1746\" alt=\"img_1746\" src=\"https:\/\/rutkaitamas.hu\/wp-content\/gallery\/emlosok\/thumbs\/thumbs_img_1746.jpg\" width=\"100\" height=\"75\" \/>\n\t\t\t\t\t\t\t<\/a>\n\t\t<\/div>\n\t<\/div>\n\t\n\t\t\n \t\t\n\t<div id=\"ngg-image-956\" class=\"ngg-gallery-thumbnail-box\"  >\n\t\t<div class=\"ngg-gallery-thumbnail\" >\n\t\t\t<a href=\"https:\/\/rutkaitamas.hu\/wp-content\/gallery\/emlosok\/img_1742.jpg\" title=\" \" class=\"shutterset_set_9\" >\n\t\t\t\t\t\t\t\t<img loading=\"lazy\" decoding=\"async\" title=\"img_1742\" alt=\"img_1742\" src=\"https:\/\/rutkaitamas.hu\/wp-content\/gallery\/emlosok\/thumbs\/thumbs_img_1742.jpg\" width=\"100\" height=\"75\" \/>\n\t\t\t\t\t\t\t<\/a>\n\t\t<\/div>\n\t<\/div>\n\t\n\t\t\n \t\t\n\t<div id=\"ngg-image-955\" class=\"ngg-gallery-thumbnail-box\"  >\n\t\t<div class=\"ngg-gallery-thumbnail\" >\n\t\t\t<a href=\"https:\/\/rutkaitamas.hu\/wp-content\/gallery\/emlosok\/img_1737.jpg\" title=\" \" class=\"shutterset_set_9\" >\n\t\t\t\t\t\t\t\t<img loading=\"lazy\" decoding=\"async\" title=\"img_1737\" alt=\"img_1737\" src=\"https:\/\/rutkaitamas.hu\/wp-content\/gallery\/emlosok\/thumbs\/thumbs_img_1737.jpg\" width=\"100\" height=\"75\" \/>\n\t\t\t\t\t\t\t<\/a>\n\t\t<\/div>\n\t<\/div>\n\t\n\t\t\n \t\t\n\t<div id=\"ngg-image-953\" class=\"ngg-gallery-thumbnail-box\"  >\n\t\t<div class=\"ngg-gallery-thumbnail\" >\n\t\t\t<a href=\"https:\/\/rutkaitamas.hu\/wp-content\/gallery\/emlosok\/img_1747.jpg\" title=\" \" class=\"shutterset_set_9\" >\n\t\t\t\t\t\t\t\t<img loading=\"lazy\" decoding=\"async\" title=\"img_1747\" alt=\"img_1747\" src=\"https:\/\/rutkaitamas.hu\/wp-content\/gallery\/emlosok\/thumbs\/thumbs_img_1747.jpg\" width=\"100\" height=\"75\" \/>\n\t\t\t\t\t\t\t<\/a>\n\t\t<\/div>\n\t<\/div>\n\t\n\t\t\n \t\t\n\t<div id=\"ngg-image-923\" class=\"ngg-gallery-thumbnail-box\"  >\n\t\t<div class=\"ngg-gallery-thumbnail\" >\n\t\t\t<a href=\"https:\/\/rutkaitamas.hu\/wp-content\/gallery\/emlosok\/img_1435.jpg\" title=\" \" class=\"shutterset_set_9\" >\n\t\t\t\t\t\t\t\t<img loading=\"lazy\" decoding=\"async\" title=\"img_1435\" alt=\"img_1435\" src=\"https:\/\/rutkaitamas.hu\/wp-content\/gallery\/emlosok\/thumbs\/thumbs_img_1435.jpg\" width=\"100\" height=\"75\" \/>\n\t\t\t\t\t\t\t<\/a>\n\t\t<\/div>\n\t<\/div>\n\t\n\t\t\n \t\t\n\t<div id=\"ngg-image-817\" class=\"ngg-gallery-thumbnail-box\"  >\n\t\t<div class=\"ngg-gallery-thumbnail\" >\n\t\t\t<a href=\"https:\/\/rutkaitamas.hu\/wp-content\/gallery\/emlosok\/img_4765.jpg\" title=\" \" class=\"shutterset_set_9\" >\n\t\t\t\t\t\t\t\t<img loading=\"lazy\" decoding=\"async\" title=\"V\u00f6r\u00f6s r\u00f3ka\" alt=\"V\u00f6r\u00f6s r\u00f3ka\" src=\"https:\/\/rutkaitamas.hu\/wp-content\/gallery\/emlosok\/thumbs\/thumbs_img_4765.jpg\" width=\"100\" height=\"75\" \/>\n\t\t\t\t\t\t\t<\/a>\n\t\t<\/div>\n\t<\/div>\n\t\n\t\t\n \t\t\n\t<div id=\"ngg-image-816\" class=\"ngg-gallery-thumbnail-box\"  >\n\t\t<div class=\"ngg-gallery-thumbnail\" >\n\t\t\t<a href=\"https:\/\/rutkaitamas.hu\/wp-content\/gallery\/emlosok\/img_4729.jpg\" title=\" \" class=\"shutterset_set_9\" >\n\t\t\t\t\t\t\t\t<img loading=\"lazy\" decoding=\"async\" title=\"Els\u0151 tal\u00e1lkoz\u00e1s \" alt=\"Els\u0151 tal\u00e1lkoz\u00e1s \" src=\"https:\/\/rutkaitamas.hu\/wp-content\/gallery\/emlosok\/thumbs\/thumbs_img_4729.jpg\" width=\"100\" height=\"75\" \/>\n\t\t\t\t\t\t\t<\/a>\n\t\t<\/div>\n\t<\/div>\n\t\n\t\t\n \t\t\n\t<div id=\"ngg-image-814\" class=\"ngg-gallery-thumbnail-box\"  >\n\t\t<div class=\"ngg-gallery-thumbnail\" >\n\t\t\t<a href=\"https:\/\/rutkaitamas.hu\/wp-content\/gallery\/emlosok\/mg_8788.jpg\" title=\" \" class=\"shutterset_set_9\" >\n\t\t\t\t\t\t\t\t<img loading=\"lazy\" decoding=\"async\" title=\"mg_8788\" alt=\"mg_8788\" src=\"https:\/\/rutkaitamas.hu\/wp-content\/gallery\/emlosok\/thumbs\/thumbs_mg_8788.jpg\" width=\"100\" height=\"75\" \/>\n\t\t\t\t\t\t\t<\/a>\n\t\t<\/div>\n\t<\/div>\n\t\n\t\t\n \t\t\n\t<div id=\"ngg-image-713\" class=\"ngg-gallery-thumbnail-box\"  >\n\t\t<div class=\"ngg-gallery-thumbnail\" >\n\t\t\t<a href=\"https:\/\/rutkaitamas.hu\/wp-content\/gallery\/emlosok\/img_1007.jpg\" title=\" \" class=\"shutterset_set_9\" >\n\t\t\t\t\t\t\t\t<img loading=\"lazy\" decoding=\"async\" title=\"\u0150zbak\" alt=\"\u0150zbak\" src=\"https:\/\/rutkaitamas.hu\/wp-content\/gallery\/emlosok\/thumbs\/thumbs_img_1007.jpg\" width=\"100\" height=\"75\" \/>\n\t\t\t\t\t\t\t<\/a>\n\t\t<\/div>\n\t<\/div>\n\t\n\t\t\n \t\t\n\t<div id=\"ngg-image-282\" class=\"ngg-gallery-thumbnail-box\"  >\n\t\t<div class=\"ngg-gallery-thumbnail\" >\n\t\t\t<a href=\"https:\/\/rutkaitamas.hu\/wp-content\/gallery\/emlosok\/mg_4572.jpg\" title=\" \" class=\"shutterset_set_9\" >\n\t\t\t\t\t\t\t\t<img loading=\"lazy\" decoding=\"async\" title=\"P\u00f3z\" alt=\"P\u00f3z\" src=\"https:\/\/rutkaitamas.hu\/wp-content\/gallery\/emlosok\/thumbs\/thumbs_mg_4572.jpg\" width=\"100\" height=\"75\" \/>\n\t\t\t\t\t\t\t<\/a>\n\t\t<\/div>\n\t<\/div>\n\t\n\t\t\n \t\t\n\t<div id=\"ngg-image-281\" class=\"ngg-gallery-thumbnail-box\"  >\n\t\t<div class=\"ngg-gallery-thumbnail\" >\n\t\t\t<a href=\"https:\/\/rutkaitamas.hu\/wp-content\/gallery\/emlosok\/mg_4571.jpg\" title=\" \" class=\"shutterset_set_9\" >\n\t\t\t\t\t\t\t\t<img loading=\"lazy\" decoding=\"async\" title=\"S\u00e9ta\" alt=\"S\u00e9ta\" src=\"https:\/\/rutkaitamas.hu\/wp-content\/gallery\/emlosok\/thumbs\/thumbs_mg_4571.jpg\" width=\"100\" height=\"75\" \/>\n\t\t\t\t\t\t\t<\/a>\n\t\t<\/div>\n\t<\/div>\n\t\n\t\t\n \t\t\n\t<div id=\"ngg-image-161\" class=\"ngg-gallery-thumbnail-box\"  >\n\t\t<div class=\"ngg-gallery-thumbnail\" >\n\t\t\t<a href=\"https:\/\/rutkaitamas.hu\/wp-content\/gallery\/emlosok\/mg_0838.jpg\" title=\" \" class=\"shutterset_set_9\" >\n\t\t\t\t\t\t\t\t<img loading=\"lazy\" decoding=\"async\" title=\"Mit akarsz?\" alt=\"Mit akarsz?\" src=\"https:\/\/rutkaitamas.hu\/wp-content\/gallery\/emlosok\/thumbs\/thumbs_mg_0838.jpg\" width=\"100\" height=\"75\" \/>\n\t\t\t\t\t\t\t<\/a>\n\t\t<\/div>\n\t<\/div>\n\t\n\t\t\n \t\t\n\t<div id=\"ngg-image-135\" class=\"ngg-gallery-thumbnail-box\"  >\n\t\t<div class=\"ngg-gallery-thumbnail\" >\n\t\t\t<a href=\"https:\/\/rutkaitamas.hu\/wp-content\/gallery\/emlosok\/2.jpg\" title=\" \" class=\"shutterset_set_9\" >\n\t\t\t\t\t\t\t\t<img loading=\"lazy\" decoding=\"async\" title=\"S\u00fcn2\" alt=\"S\u00fcn2\" src=\"https:\/\/rutkaitamas.hu\/wp-content\/gallery\/emlosok\/thumbs\/thumbs_2.jpg\" width=\"100\" height=\"75\" \/>\n\t\t\t\t\t\t\t<\/a>\n\t\t<\/div>\n\t<\/div>\n\t\n\t\t\n \t\t\n\t<div id=\"ngg-image-134\" class=\"ngg-gallery-thumbnail-box\"  >\n\t\t<div class=\"ngg-gallery-thumbnail\" >\n\t\t\t<a href=\"https:\/\/rutkaitamas.hu\/wp-content\/gallery\/emlosok\/1.jpg\" title=\" \" class=\"shutterset_set_9\" >\n\t\t\t\t\t\t\t\t<img loading=\"lazy\" decoding=\"async\" title=\"S\u00fcn\" alt=\"S\u00fcn\" src=\"https:\/\/rutkaitamas.hu\/wp-content\/gallery\/emlosok\/thumbs\/thumbs_1.jpg\" width=\"100\" height=\"75\" \/>\n\t\t\t\t\t\t\t<\/a>\n\t\t<\/div>\n\t<\/div>\n\t\n\t\t\n \t\t\n\t<div id=\"ngg-image-128\" class=\"ngg-gallery-thumbnail-box\"  >\n\t\t<div class=\"ngg-gallery-thumbnail\" >\n\t\t\t<a href=\"https:\/\/rutkaitamas.hu\/wp-content\/gallery\/emlosok\/mg_9156.jpg\" title=\" \" class=\"shutterset_set_9\" >\n\t\t\t\t\t\t\t\t<img loading=\"lazy\" decoding=\"async\" title=\"\u0150z suta\" alt=\"\u0150z suta\" src=\"https:\/\/rutkaitamas.hu\/wp-content\/gallery\/emlosok\/thumbs\/thumbs_mg_9156.jpg\" width=\"100\" height=\"75\" \/>\n\t\t\t\t\t\t\t<\/a>\n\t\t<\/div>\n\t<\/div>\n\t\n\t\t\n \t \t\n\t<!-- Pagination -->\n \t<div class='ngg-clear'><\/div>\n \t\n<\/div>\n\n\n","protected":false},"excerpt":{"rendered":"","protected":false},"author":1,"featured_media":0,"parent":1817,"menu_order":5,"comment_status":"open","ping_status":"closed","template":"","meta":{"footnotes":""},"class_list":["post-485","page","type-page","status-publish","hentry"],"_links":{"self":[{"href":"https:\/\/rutkaitamas.hu\/index.php?rest_route=\/wp\/v2\/pages\/485","targetHints":{"allow":["GET"]}}],"collection":[{"href":"https:\/\/rutkaitamas.hu\/index.php?rest_route=\/wp\/v2\/pages"}],"about":[{"href":"https:\/\/rutkaitamas.hu\/index.php?rest_route=\/wp\/v2\/types\/page"}],"author":[{"embeddable":true,"href":"https:\/\/rutkaitamas.hu\/index.php?rest_route=\/wp\/v2\/users\/1"}],"replies":[{"embeddable":true,"href":"https:\/\/rutkaitamas.hu\/index.php?rest_route=%2Fwp%2Fv2%2Fcomments&post=485"}],"version-history":[{"count":5,"href":"https:\/\/rutkaitamas.hu\/index.php?rest_route=\/wp\/v2\/pages\/485\/revisions"}],"predecessor-version":[{"id":1204,"href":"https:\/\/rutkaitamas.hu\/index.php?rest_route=\/wp\/v2\/pages\/485\/revisions\/1204"}],"up":[{"embeddable":true,"href":"https:\/\/rutkaitamas.hu\/index.php?rest_route=\/wp\/v2\/pages\/1817"}],"wp:attachment":[{"href":"https:\/\/rutkaitamas.hu\/index.php?rest_route=%2Fwp%2Fv2%2Fmedia&parent=485"}],"curies":[{"name":"wp","href":"https:\/\/api.w.org\/{rel}","templated":true}]}}