{"id":1817,"date":"2016-06-29T16:03:57","date_gmt":"2016-06-29T14:03:57","guid":{"rendered":"http:\/\/rutkaitamas.hu\/?page_id=1817"},"modified":"2016-12-17T14:47:09","modified_gmt":"2016-12-17T13:47:09","slug":"teszt-galeria","status":"publish","type":"page","link":"https:\/\/rutkaitamas.hu\/?page_id=1817","title":{"rendered":"Gal\u00e9ria"},"content":{"rendered":"<p><!-- Gal\u00e9ria el\u0151k\u00e9p innen --><\/p>\n<div style=\"text-align: center; width: 150px; float: left; margin: 10px;\"><a href=\"http:\/\/rutkaitamas.hu\/?page_id=48\"><br \/>\n<img decoding=\"async\" src=\"http:\/\/rutkaitamas.hu\/wp-content\/gallery\/madarak_1\/img_1078.jpg?i=934218462\" alt=\"\" width=\"300px\" \/><\/a>Madarak<\/div>\n<p><!-- Gal\u00e9ria el\u0151k\u00e9p eddig --><\/p>\n<p><!-- Gal\u00e9ria el\u0151k\u00e9p innen --><\/p>\n<div style=\"text-align: center; width: 150px; float: left; margin: 10px;\"><a href=\"http:\/\/rutkaitamas.hu\/?page_id=480\"><br \/>\n<img decoding=\"async\" src=\"http:\/\/rutkaitamas.hu\/wp-content\/gallery\/novenyek\/mg_6550.jpg\" alt=\"\" width=\"300px\" \/><\/a>N\u00f6v\u00e9nyek<\/div>\n<p><!-- Gal\u00e9ria el\u0151k\u00e9p eddig --><\/p>\n<p><!-- Gal\u00e9ria el\u0151k\u00e9p innen --><\/p>\n<div style=\"text-align: center; width: 150px; float: left; margin: 10px;\"><a href=\"http:\/\/rutkaitamas.hu\/?page_id=655\"><br \/>\n<img decoding=\"async\" src=\"http:\/\/rutkaitamas.hu\/wp-content\/gallery\/izeltlabuak\/mg_2423.jpg?i=1524723969\" alt=\"\" width=\"300px\" \/><\/a>\u00cdzeltl\u00e1b\u00faak<\/div>\n<p><!-- Gal\u00e9ria el\u0151k\u00e9p eddig --><\/p>\n<p><!-- Gal\u00e9ria el\u0151k\u00e9p innen --><\/p>\n<div style=\"text-align: center; width: 150px; float: left; margin: 10px;\"><a href=\"http:\/\/rutkaitamas.hu\/?page_id=1196\"><br \/>\n<img decoding=\"async\" src=\"http:\/\/rutkaitamas.hu\/wp-content\/gallery\/hullok-keteltuek\/mg_2928.jpg?i=1843761526\" alt=\"\" width=\"300px\" \/><\/a>H\u00fcll\u0151k-k\u00e9t\u00e9lt\u0171ek<\/div>\n<p><!-- Gal\u00e9ria el\u0151k\u00e9p eddig --><\/p>\n<p><!-- Gal\u00e9ria el\u0151k\u00e9p innen --><\/p>\n<div style=\"text-align: center; width: 150px; float: left; margin: 10px;\"><a href=\"http:\/\/rutkaitamas.hu\/?page_id=485\"><br \/>\n<img decoding=\"async\" src=\"http:\/\/rutkaitamas.hu\/wp-content\/gallery\/emlosok\/img_1007.jpg?i=1710574111\" alt=\"\" width=\"300px\" \/><\/a>Eml\u0151s\u00f6k<\/div>\n<p><!-- Gal\u00e9ria el\u0151k\u00e9p eddig --><\/p>\n<p><!-- Gal\u00e9ria el\u0151k\u00e9p innen --><\/p>\n<div style=\"text-align: center; width: 150px; float: left; margin: 10px;\"><a href=\"http:\/\/rutkaitamas.hu\/?page_id=116\"><br \/>\n<img decoding=\"async\" src=\"http:\/\/rutkaitamas.hu\/wp-content\/gallery\/eletkepek_1\/mg_4327.jpg?i=921529855\" alt=\"\" width=\"300px\" \/><\/a>\u00c9letk\u00e9pek<\/div>\n<p><!-- Gal\u00e9ria el\u0151k\u00e9p eddig --><\/p>\n<p><!-- Gal\u00e9ria el\u0151k\u00e9p innen --><\/p>\n<div style=\"text-align: center; width: 150px; float: left; margin: 10px;\"><a href=\"http:\/\/rutkaitamas.hu\/?page_id=114\"><br \/>\n<img decoding=\"async\" src=\"http:\/\/rutkaitamas.hu\/wp-content\/gallery\/tajkepek_1\/mg_9091.jpg?i=647611399\" alt=\"\" width=\"300px\" \/><\/a>T\u00e1jk\u00e9pek<\/div>\n<p><!-- Gal\u00e9ria el\u0151k\u00e9p eddig --><\/p>\n<p><!-- Gal\u00e9ria el\u0151k\u00e9p innen --><\/p>\n<div style=\"text-align: center; width: 150px; float: left; margin: 10px;\"><a href=\"http:\/\/rutkaitamas.hu\/?page_id=118\"><br \/>\n<img decoding=\"async\" src=\"http:\/\/rutkaitamas.hu\/wp-content\/gallery\/igy-keszult_1\/img_6371.jpg?i=562271254\" alt=\"\" width=\"300px\" \/><\/a>\u00cdgy k\u00e9sz\u00fclt<\/div>\n<p><!-- Gal\u00e9ria el\u0151k\u00e9p eddig --><\/p>\n","protected":false},"excerpt":{"rendered":"<p>Madarak N\u00f6v\u00e9nyek \u00cdzeltl\u00e1b\u00faak H\u00fcll\u0151k-k\u00e9t\u00e9lt\u0171ek Eml\u0151s\u00f6k \u00c9letk\u00e9pek T\u00e1jk\u00e9pek \u00cdgy k\u00e9sz\u00fclt<\/p>\n","protected":false},"author":1,"featured_media":0,"parent":0,"menu_order":0,"comment_status":"closed","ping_status":"closed","template":"","meta":{"footnotes":""},"class_list":["post-1817","page","type-page","status-publish","hentry"],"_links":{"self":[{"href":"https:\/\/rutkaitamas.hu\/index.php?rest_route=\/wp\/v2\/pages\/1817","targetHints":{"allow":["GET"]}}],"collection":[{"href":"https:\/\/rutkaitamas.hu\/index.php?rest_route=\/wp\/v2\/pages"}],"about":[{"href":"https:\/\/rutkaitamas.hu\/index.php?rest_route=\/wp\/v2\/types\/page"}],"author":[{"embeddable":true,"href":"https:\/\/rutkaitamas.hu\/index.php?rest_route=\/wp\/v2\/users\/1"}],"replies":[{"embeddable":true,"href":"https:\/\/rutkaitamas.hu\/index.php?rest_route=%2Fwp%2Fv2%2Fcomments&post=1817"}],"version-history":[{"count":21,"href":"https:\/\/rutkaitamas.hu\/index.php?rest_route=\/wp\/v2\/pages\/1817\/revisions"}],"predecessor-version":[{"id":2070,"href":"https:\/\/rutkaitamas.hu\/index.php?rest_route=\/wp\/v2\/pages\/1817\/revisions\/2070"}],"wp:attachment":[{"href":"https:\/\/rutkaitamas.hu\/index.php?rest_route=%2Fwp%2Fv2%2Fmedia&parent=1817"}],"curies":[{"name":"wp","href":"https:\/\/api.w.org\/{rel}","templated":true}]}}