{"id":1196,"date":"2014-10-26T17:26:40","date_gmt":"2014-10-26T16:26:40","guid":{"rendered":"http:\/\/rutkaitamas.hu\/?page_id=1196"},"modified":"2022-12-29T19:42:53","modified_gmt":"2022-12-29T18:42:53","slug":"hullok-keteltuek","status":"publish","type":"page","link":"https:\/\/rutkaitamas.hu\/?page_id=1196","title":{"rendered":"H\u00fcll\u0151k, K\u00e9t\u00e9lt\u0171ek"},"content":{"rendered":"<h1>\n<div class=\"ngg-galleryoverview\" id=\"ngg-gallery-11-1196\">\n\n\n\t\n\t<!-- Thumbnails -->\n\t\t\n\t<div id=\"ngg-image-833\" class=\"ngg-gallery-thumbnail-box\"  >\n\t\t<div class=\"ngg-gallery-thumbnail\" >\n\t\t\t<a href=\"https:\/\/rutkaitamas.hu\/wp-content\/gallery\/hullok-keteltuek\/img_6649.jpg\" title=\" \" class=\"shutterset_set_11\" >\n\t\t\t\t\t\t\t\t<img loading=\"lazy\" decoding=\"async\" title=\"Vizisikl\u00f3\" alt=\"Vizisikl\u00f3\" src=\"https:\/\/rutkaitamas.hu\/wp-content\/gallery\/hullok-keteltuek\/thumbs\/thumbs_img_6649.jpg\" width=\"100\" height=\"75\" \/>\n\t\t\t\t\t\t\t<\/a>\n\t\t<\/div>\n\t<\/div>\n\t\n\t\t\n \t\t\n\t<div id=\"ngg-image-549\" class=\"ngg-gallery-thumbnail-box\"  >\n\t\t<div class=\"ngg-gallery-thumbnail\" >\n\t\t\t<a href=\"https:\/\/rutkaitamas.hu\/wp-content\/gallery\/hullok-keteltuek\/img_2605.jpg\" title=\" \" class=\"shutterset_set_11\" >\n\t\t\t\t\t\t\t\t<img loading=\"lazy\" decoding=\"async\" title=\"Barna varangyos b\u00e9ka\" alt=\"Barna varangyos b\u00e9ka\" src=\"https:\/\/rutkaitamas.hu\/wp-content\/gallery\/hullok-keteltuek\/thumbs\/thumbs_img_2605.jpg\" width=\"100\" height=\"75\" \/>\n\t\t\t\t\t\t\t<\/a>\n\t\t<\/div>\n\t<\/div>\n\t\n\t\t\n \t\t\n\t<div id=\"ngg-image-527\" class=\"ngg-gallery-thumbnail-box\"  >\n\t\t<div class=\"ngg-gallery-thumbnail\" >\n\t\t\t<a href=\"https:\/\/rutkaitamas.hu\/wp-content\/gallery\/hullok-keteltuek\/mg_2928.jpg\" title=\" \" class=\"shutterset_set_11\" >\n\t\t\t\t\t\t\t\t<img loading=\"lazy\" decoding=\"async\" title=\"F\u00fcrge gy\u00edk\" alt=\"F\u00fcrge gy\u00edk\" src=\"https:\/\/rutkaitamas.hu\/wp-content\/gallery\/hullok-keteltuek\/thumbs\/thumbs_mg_2928.jpg\" width=\"100\" height=\"75\" \/>\n\t\t\t\t\t\t\t<\/a>\n\t\t<\/div>\n\t<\/div>\n\t\n\t\t\n \t\t\n\t<div id=\"ngg-image-526\" class=\"ngg-gallery-thumbnail-box\"  >\n\t\t<div class=\"ngg-gallery-thumbnail\" >\n\t\t\t<a href=\"https:\/\/rutkaitamas.hu\/wp-content\/gallery\/hullok-keteltuek\/mg_1530.jpg\" title=\" \" class=\"shutterset_set_11\" >\n\t\t\t\t\t\t\t\t<img loading=\"lazy\" decoding=\"async\" title=\"Tavi b\u00e9ka\" alt=\"Tavi b\u00e9ka\" src=\"https:\/\/rutkaitamas.hu\/wp-content\/gallery\/hullok-keteltuek\/thumbs\/thumbs_mg_1530.jpg\" width=\"100\" height=\"75\" \/>\n\t\t\t\t\t\t\t<\/a>\n\t\t<\/div>\n\t<\/div>\n\t\n\t\t\n \t \t\n\t<!-- Pagination -->\n \t<div class='ngg-clear'><\/div>\n \t\n<\/div>\n\n<\/h1>\n","protected":false},"excerpt":{"rendered":"","protected":false},"author":1,"featured_media":0,"parent":1817,"menu_order":4,"comment_status":"open","ping_status":"closed","template":"","meta":{"footnotes":""},"class_list":["post-1196","page","type-page","status-publish","hentry"],"_links":{"self":[{"href":"https:\/\/rutkaitamas.hu\/index.php?rest_route=\/wp\/v2\/pages\/1196","targetHints":{"allow":["GET"]}}],"collection":[{"href":"https:\/\/rutkaitamas.hu\/index.php?rest_route=\/wp\/v2\/pages"}],"about":[{"href":"https:\/\/rutkaitamas.hu\/index.php?rest_route=\/wp\/v2\/types\/page"}],"author":[{"embeddable":true,"href":"https:\/\/rutkaitamas.hu\/index.php?rest_route=\/wp\/v2\/users\/1"}],"replies":[{"embeddable":true,"href":"https:\/\/rutkaitamas.hu\/index.php?rest_route=%2Fwp%2Fv2%2Fcomments&post=1196"}],"version-history":[{"count":2,"href":"https:\/\/rutkaitamas.hu\/index.php?rest_route=\/wp\/v2\/pages\/1196\/revisions"}],"predecessor-version":[{"id":1200,"href":"https:\/\/rutkaitamas.hu\/index.php?rest_route=\/wp\/v2\/pages\/1196\/revisions\/1200"}],"up":[{"embeddable":true,"href":"https:\/\/rutkaitamas.hu\/index.php?rest_route=\/wp\/v2\/pages\/1817"}],"wp:attachment":[{"href":"https:\/\/rutkaitamas.hu\/index.php?rest_route=%2Fwp%2Fv2%2Fmedia&parent=1196"}],"curies":[{"name":"wp","href":"https:\/\/api.w.org\/{rel}","templated":true}]}}