{"id":118,"date":"2012-09-08T16:59:51","date_gmt":"2012-09-08T14:59:51","guid":{"rendered":"http:\/\/rutkaitamas.hu\/?page_id=118"},"modified":"2022-12-29T19:43:31","modified_gmt":"2022-12-29T18:43:31","slug":"igy-keszult","status":"publish","type":"page","link":"https:\/\/rutkaitamas.hu\/?page_id=118","title":{"rendered":"Werk"},"content":{"rendered":"\n<div class=\"ngg-galleryoverview\" id=\"ngg-gallery-7-118\">\n\n\n\t\n\t<!-- Thumbnails -->\n\t\t\n\t<div id=\"ngg-image-961\" class=\"ngg-gallery-thumbnail-box\"  >\n\t\t<div class=\"ngg-gallery-thumbnail\" >\n\t\t\t<a href=\"https:\/\/rutkaitamas.hu\/wp-content\/gallery\/igy-keszult_1\/91583095_834032640437558_1677832693624078336_n.jpg\" title=\" \" class=\"shutterset_set_7\" >\n\t\t\t\t\t\t\t\t<img loading=\"lazy\" decoding=\"async\" title=\"Holt\u00e1gbuli\" alt=\"Holt\u00e1gbuli\" src=\"https:\/\/rutkaitamas.hu\/wp-content\/gallery\/igy-keszult_1\/thumbs\/thumbs_91583095_834032640437558_1677832693624078336_n.jpg\" width=\"100\" height=\"75\" \/>\n\t\t\t\t\t\t\t<\/a>\n\t\t<\/div>\n\t<\/div>\n\t\n\t\t\n \t\t\n\t<div id=\"ngg-image-799\" class=\"ngg-gallery-thumbnail-box\"  >\n\t\t<div class=\"ngg-gallery-thumbnail\" >\n\t\t\t<a href=\"https:\/\/rutkaitamas.hu\/wp-content\/gallery\/igy-keszult_1\/1.jpg\" title=\" \" class=\"shutterset_set_7\" >\n\t\t\t\t\t\t\t\t<img loading=\"lazy\" decoding=\"async\" title=\"Mogyor\u00f3s pele a lesben\" alt=\"Mogyor\u00f3s pele a lesben\" src=\"https:\/\/rutkaitamas.hu\/wp-content\/gallery\/igy-keszult_1\/thumbs\/thumbs_1.jpg\" width=\"100\" height=\"75\" \/>\n\t\t\t\t\t\t\t<\/a>\n\t\t<\/div>\n\t<\/div>\n\t\n\t\t\n \t\t\n\t<div id=\"ngg-image-749\" class=\"ngg-gallery-thumbnail-box\"  >\n\t\t<div class=\"ngg-gallery-thumbnail\" >\n\t\t\t<a href=\"https:\/\/rutkaitamas.hu\/wp-content\/gallery\/igy-keszult_1\/img_7798.jpg\" title=\" \" class=\"shutterset_set_7\" >\n\t\t\t\t\t\t\t\t<img loading=\"lazy\" decoding=\"async\" title=\"img_7798\" alt=\"img_7798\" src=\"https:\/\/rutkaitamas.hu\/wp-content\/gallery\/igy-keszult_1\/thumbs\/thumbs_img_7798.jpg\" width=\"100\" height=\"75\" \/>\n\t\t\t\t\t\t\t<\/a>\n\t\t<\/div>\n\t<\/div>\n\t\n\t\t\n \t\t\n\t<div id=\"ngg-image-748\" class=\"ngg-gallery-thumbnail-box\"  >\n\t\t<div class=\"ngg-gallery-thumbnail\" >\n\t\t\t<a href=\"https:\/\/rutkaitamas.hu\/wp-content\/gallery\/igy-keszult_1\/img_7794.jpg\" title=\" \" class=\"shutterset_set_7\" >\n\t\t\t\t\t\t\t\t<img loading=\"lazy\" decoding=\"async\" title=\"img_7794\" alt=\"img_7794\" src=\"https:\/\/rutkaitamas.hu\/wp-content\/gallery\/igy-keszult_1\/thumbs\/thumbs_img_7794.jpg\" width=\"100\" height=\"75\" \/>\n\t\t\t\t\t\t\t<\/a>\n\t\t<\/div>\n\t<\/div>\n\t\n\t\t\n \t\t\n\t<div id=\"ngg-image-747\" class=\"ngg-gallery-thumbnail-box\"  >\n\t\t<div class=\"ngg-gallery-thumbnail\" >\n\t\t\t<a href=\"https:\/\/rutkaitamas.hu\/wp-content\/gallery\/igy-keszult_1\/img_7856.jpg\" title=\" \" class=\"shutterset_set_7\" >\n\t\t\t\t\t\t\t\t<img loading=\"lazy\" decoding=\"async\" title=\"img_7856\" alt=\"img_7856\" src=\"https:\/\/rutkaitamas.hu\/wp-content\/gallery\/igy-keszult_1\/thumbs\/thumbs_img_7856.jpg\" width=\"100\" height=\"75\" \/>\n\t\t\t\t\t\t\t<\/a>\n\t\t<\/div>\n\t<\/div>\n\t\n\t\t\n \t\t\n\t<div id=\"ngg-image-596\" class=\"ngg-gallery-thumbnail-box\"  >\n\t\t<div class=\"ngg-gallery-thumbnail\" >\n\t\t\t<a href=\"https:\/\/rutkaitamas.hu\/wp-content\/gallery\/igy-keszult_1\/img_6371.jpg\" title=\" \" class=\"shutterset_set_7\" >\n\t\t\t\t\t\t\t\t<img loading=\"lazy\" decoding=\"async\" title=\"Gy\u00f6ngybagoly gy\u0171r\u0171z\u00e9s\" alt=\"Gy\u00f6ngybagoly gy\u0171r\u0171z\u00e9s\" src=\"https:\/\/rutkaitamas.hu\/wp-content\/gallery\/igy-keszult_1\/thumbs\/thumbs_img_6371.jpg\" width=\"100\" height=\"75\" \/>\n\t\t\t\t\t\t\t<\/a>\n\t\t<\/div>\n\t<\/div>\n\t\n\t\t\n \t\t\n\t<div id=\"ngg-image-595\" class=\"ngg-gallery-thumbnail-box\"  >\n\t\t<div class=\"ngg-gallery-thumbnail\" >\n\t\t\t<a href=\"https:\/\/rutkaitamas.hu\/wp-content\/gallery\/igy-keszult_1\/img_6305.jpg\" title=\" \" class=\"shutterset_set_7\" >\n\t\t\t\t\t\t\t\t<img loading=\"lazy\" decoding=\"async\" title=\"Fekete g\u00f3lya fi\u00f3ka\" alt=\"Fekete g\u00f3lya fi\u00f3ka\" src=\"https:\/\/rutkaitamas.hu\/wp-content\/gallery\/igy-keszult_1\/thumbs\/thumbs_img_6305.jpg\" width=\"100\" height=\"75\" \/>\n\t\t\t\t\t\t\t<\/a>\n\t\t<\/div>\n\t<\/div>\n\t\n\t\t\n \t\t\n\t<div id=\"ngg-image-594\" class=\"ngg-gallery-thumbnail-box\"  >\n\t\t<div class=\"ngg-gallery-thumbnail\" >\n\t\t\t<a href=\"https:\/\/rutkaitamas.hu\/wp-content\/gallery\/igy-keszult_1\/img_6254.jpg\" title=\" \" class=\"shutterset_set_7\" >\n\t\t\t\t\t\t\t\t<img loading=\"lazy\" decoding=\"async\" title=\"Szalak\u00f3ta\" alt=\"Szalak\u00f3ta\" src=\"https:\/\/rutkaitamas.hu\/wp-content\/gallery\/igy-keszult_1\/thumbs\/thumbs_img_6254.jpg\" width=\"100\" height=\"75\" \/>\n\t\t\t\t\t\t\t<\/a>\n\t\t<\/div>\n\t<\/div>\n\t\n\t\t\n \t\t\n\t<div id=\"ngg-image-547\" class=\"ngg-gallery-thumbnail-box\"  >\n\t\t<div class=\"ngg-gallery-thumbnail\" >\n\t\t\t<a href=\"https:\/\/rutkaitamas.hu\/wp-content\/gallery\/igy-keszult_1\/img_2677.jpg\" title=\" \" class=\"shutterset_set_7\" >\n\t\t\t\t\t\t\t\t<img loading=\"lazy\" decoding=\"async\" title=\"Gy\u00f6ngybagoly l\u00e1da k\u00edv\u00fclr\u0151l\" alt=\"Gy\u00f6ngybagoly l\u00e1da k\u00edv\u00fclr\u0151l\" src=\"https:\/\/rutkaitamas.hu\/wp-content\/gallery\/igy-keszult_1\/thumbs\/thumbs_img_2677.jpg\" width=\"100\" height=\"75\" \/>\n\t\t\t\t\t\t\t<\/a>\n\t\t<\/div>\n\t<\/div>\n\t\n\t\t\n \t\t\n\t<div id=\"ngg-image-546\" class=\"ngg-gallery-thumbnail-box\"  >\n\t\t<div class=\"ngg-gallery-thumbnail\" >\n\t\t\t<a href=\"https:\/\/rutkaitamas.hu\/wp-content\/gallery\/igy-keszult_1\/img_2666.jpg\" title=\" \" class=\"shutterset_set_7\" >\n\t\t\t\t\t\t\t\t<img loading=\"lazy\" decoding=\"async\" title=\"F\u00e9szekt\u00e9r\" alt=\"F\u00e9szekt\u00e9r\" src=\"https:\/\/rutkaitamas.hu\/wp-content\/gallery\/igy-keszult_1\/thumbs\/thumbs_img_2666.jpg\" width=\"100\" height=\"75\" \/>\n\t\t\t\t\t\t\t<\/a>\n\t\t<\/div>\n\t<\/div>\n\t\n\t\t\n \t\t\n\t<div id=\"ngg-image-545\" class=\"ngg-gallery-thumbnail-box\"  >\n\t\t<div class=\"ngg-gallery-thumbnail\" >\n\t\t\t<a href=\"https:\/\/rutkaitamas.hu\/wp-content\/gallery\/igy-keszult_1\/img_2660.jpg\" title=\" \" class=\"shutterset_set_7\" >\n\t\t\t\t\t\t\t\t<img loading=\"lazy\" decoding=\"async\" title=\"Egy kis faforg\u00e1cs...\" alt=\"Egy kis faforg\u00e1cs...\" src=\"https:\/\/rutkaitamas.hu\/wp-content\/gallery\/igy-keszult_1\/thumbs\/thumbs_img_2660.jpg\" width=\"100\" height=\"75\" \/>\n\t\t\t\t\t\t\t<\/a>\n\t\t<\/div>\n\t<\/div>\n\t\n\t\t\n \t\t\n\t<div id=\"ngg-image-544\" class=\"ngg-gallery-thumbnail-box\"  >\n\t\t<div class=\"ngg-gallery-thumbnail\" >\n\t\t\t<a href=\"https:\/\/rutkaitamas.hu\/wp-content\/gallery\/igy-keszult_1\/img_2654.jpg\" title=\" \" class=\"shutterset_set_7\" >\n\t\t\t\t\t\t\t\t<img loading=\"lazy\" decoding=\"async\" title=\"Csavaroz\u00e1s\" alt=\"Csavaroz\u00e1s\" src=\"https:\/\/rutkaitamas.hu\/wp-content\/gallery\/igy-keszult_1\/thumbs\/thumbs_img_2654.jpg\" width=\"100\" height=\"75\" \/>\n\t\t\t\t\t\t\t<\/a>\n\t\t<\/div>\n\t<\/div>\n\t\n\t\t\n \t\t\n\t<div id=\"ngg-image-543\" class=\"ngg-gallery-thumbnail-box\"  >\n\t\t<div class=\"ngg-gallery-thumbnail\" >\n\t\t\t<a href=\"https:\/\/rutkaitamas.hu\/wp-content\/gallery\/igy-keszult_1\/img_2653.jpg\" title=\" \" class=\"shutterset_set_7\" >\n\t\t\t\t\t\t\t\t<img loading=\"lazy\" decoding=\"async\" title=\"\u00cdgy k\u00f6nnyebb volt\" alt=\"\u00cdgy k\u00f6nnyebb volt\" src=\"https:\/\/rutkaitamas.hu\/wp-content\/gallery\/igy-keszult_1\/thumbs\/thumbs_img_2653.jpg\" width=\"100\" height=\"75\" \/>\n\t\t\t\t\t\t\t<\/a>\n\t\t<\/div>\n\t<\/div>\n\t\n\t\t\n \t\t\n\t<div id=\"ngg-image-542\" class=\"ngg-gallery-thumbnail-box\"  >\n\t\t<div class=\"ngg-gallery-thumbnail\" >\n\t\t\t<a href=\"https:\/\/rutkaitamas.hu\/wp-content\/gallery\/igy-keszult_1\/img_2651.jpg\" title=\" \" class=\"shutterset_set_7\" >\n\t\t\t\t\t\t\t\t<img loading=\"lazy\" decoding=\"async\" title=\"Indul\u00e1sra k\u00e9sz\" alt=\"Indul\u00e1sra k\u00e9sz\" src=\"https:\/\/rutkaitamas.hu\/wp-content\/gallery\/igy-keszult_1\/thumbs\/thumbs_img_2651.jpg\" width=\"100\" height=\"75\" \/>\n\t\t\t\t\t\t\t<\/a>\n\t\t<\/div>\n\t<\/div>\n\t\n\t\t\n \t\t\n\t<div id=\"ngg-image-541\" class=\"ngg-gallery-thumbnail-box\"  >\n\t\t<div class=\"ngg-gallery-thumbnail\" >\n\t\t\t<a href=\"https:\/\/rutkaitamas.hu\/wp-content\/gallery\/igy-keszult_1\/img_2241.jpg\" title=\" \" class=\"shutterset_set_7\" >\n\t\t\t\t\t\t\t\t<img loading=\"lazy\" decoding=\"async\" title=\"J\u00f3magam, k\u00e9t gy\u00f6ngybagoly fi\u00f3k\u00e1val\" alt=\"J\u00f3magam, k\u00e9t gy\u00f6ngybagoly fi\u00f3k\u00e1val\" src=\"https:\/\/rutkaitamas.hu\/wp-content\/gallery\/igy-keszult_1\/thumbs\/thumbs_img_2241.jpg\" width=\"100\" height=\"75\" \/>\n\t\t\t\t\t\t\t<\/a>\n\t\t<\/div>\n\t<\/div>\n\t\n\t\t\n \t\t\n\t<div id=\"ngg-image-540\" class=\"ngg-gallery-thumbnail-box\"  >\n\t\t<div class=\"ngg-gallery-thumbnail\" >\n\t\t\t<a href=\"https:\/\/rutkaitamas.hu\/wp-content\/gallery\/igy-keszult_1\/img_2240.jpg\" title=\" \" class=\"shutterset_set_7\" >\n\t\t\t\t\t\t\t\t<img loading=\"lazy\" decoding=\"async\" title=\"Kriszta, a m\u00e1sik kett\u0151ve\" alt=\"Kriszta, a m\u00e1sik kett\u0151ve\" src=\"https:\/\/rutkaitamas.hu\/wp-content\/gallery\/igy-keszult_1\/thumbs\/thumbs_img_2240.jpg\" width=\"100\" height=\"75\" \/>\n\t\t\t\t\t\t\t<\/a>\n\t\t<\/div>\n\t<\/div>\n\t\n\t\t\n \t\t\n\t<div id=\"ngg-image-539\" class=\"ngg-gallery-thumbnail-box\"  >\n\t\t<div class=\"ngg-gallery-thumbnail\" >\n\t\t\t<a href=\"https:\/\/rutkaitamas.hu\/wp-content\/gallery\/igy-keszult_1\/img_2200.jpg\" title=\" \" class=\"shutterset_set_7\" >\n\t\t\t\t\t\t\t\t<img loading=\"lazy\" decoding=\"async\" title=\"Gy\u0171r\u0171z\u00e9s\" alt=\"Gy\u0171r\u0171z\u00e9s\" src=\"https:\/\/rutkaitamas.hu\/wp-content\/gallery\/igy-keszult_1\/thumbs\/thumbs_img_2200.jpg\" width=\"100\" height=\"75\" \/>\n\t\t\t\t\t\t\t<\/a>\n\t\t<\/div>\n\t<\/div>\n\t\n\t\t\n \t\t\n\t<div id=\"ngg-image-538\" class=\"ngg-gallery-thumbnail-box\"  >\n\t\t<div class=\"ngg-gallery-thumbnail\" >\n\t\t\t<a href=\"https:\/\/rutkaitamas.hu\/wp-content\/gallery\/igy-keszult_1\/img_2197.jpg\" title=\" \" class=\"shutterset_set_7\" >\n\t\t\t\t\t\t\t\t<img loading=\"lazy\" decoding=\"async\" title=\"Peti \u00f6t fi\u00f3k\u00e1val\" alt=\"Peti \u00f6t fi\u00f3k\u00e1val\" src=\"https:\/\/rutkaitamas.hu\/wp-content\/gallery\/igy-keszult_1\/thumbs\/thumbs_img_2197.jpg\" width=\"100\" height=\"75\" \/>\n\t\t\t\t\t\t\t<\/a>\n\t\t<\/div>\n\t<\/div>\n\t\n\t\t\n \t\t\n\t<div id=\"ngg-image-515\" class=\"ngg-gallery-thumbnail-box\"  >\n\t\t<div class=\"ngg-gallery-thumbnail\" >\n\t\t\t<a href=\"https:\/\/rutkaitamas.hu\/wp-content\/gallery\/igy-keszult_1\/mg_1792.jpg\" title=\" \" class=\"shutterset_set_7\" >\n\t\t\t\t\t\t\t\t<img loading=\"lazy\" decoding=\"async\" title=\"Bel\u00fclr\u0151l\" alt=\"Bel\u00fclr\u0151l\" src=\"https:\/\/rutkaitamas.hu\/wp-content\/gallery\/igy-keszult_1\/thumbs\/thumbs_mg_1792.jpg\" width=\"100\" height=\"75\" \/>\n\t\t\t\t\t\t\t<\/a>\n\t\t<\/div>\n\t<\/div>\n\t\n\t\t\n \t\t\n\t<div id=\"ngg-image-514\" class=\"ngg-gallery-thumbnail-box\"  >\n\t\t<div class=\"ngg-gallery-thumbnail\" >\n\t\t\t<a href=\"https:\/\/rutkaitamas.hu\/wp-content\/gallery\/igy-keszult_1\/img_1793.jpg\" title=\" \" class=\"shutterset_set_7\" >\n\t\t\t\t\t\t\t\t<img loading=\"lazy\" decoding=\"async\" title=\"Az\u00e9rt valami ajt\u00f3 ker\u00fcl r\u00e1\" alt=\"Az\u00e9rt valami ajt\u00f3 ker\u00fcl r\u00e1\" src=\"https:\/\/rutkaitamas.hu\/wp-content\/gallery\/igy-keszult_1\/thumbs\/thumbs_img_1793.jpg\" width=\"100\" height=\"75\" \/>\n\t\t\t\t\t\t\t<\/a>\n\t\t<\/div>\n\t<\/div>\n\t\n\t\t\n \t \t\n\t<!-- Pagination -->\n \t<div class='ngg-navigation'><span class=\"current\">1<\/span><a class=\"page-numbers\" href=\"https:\/\/rutkaitamas.hu\/?page_id=118&amp;nggpage=2\">2<\/a><a class=\"page-numbers\" href=\"https:\/\/rutkaitamas.hu\/?page_id=118&amp;nggpage=3\">3<\/a><a class=\"next\" id=\"ngg-next-2\" href=\"https:\/\/rutkaitamas.hu\/?page_id=118&amp;nggpage=2\">&#9658;<\/a><\/div> \t\n<\/div>\n\n\n","protected":false},"excerpt":{"rendered":"","protected":false},"author":1,"featured_media":0,"parent":1817,"menu_order":8,"comment_status":"open","ping_status":"closed","template":"","meta":{"footnotes":""},"class_list":["post-118","page","type-page","status-publish","hentry"],"_links":{"self":[{"href":"https:\/\/rutkaitamas.hu\/index.php?rest_route=\/wp\/v2\/pages\/118","targetHints":{"allow":["GET"]}}],"collection":[{"href":"https:\/\/rutkaitamas.hu\/index.php?rest_route=\/wp\/v2\/pages"}],"about":[{"href":"https:\/\/rutkaitamas.hu\/index.php?rest_route=\/wp\/v2\/types\/page"}],"author":[{"embeddable":true,"href":"https:\/\/rutkaitamas.hu\/index.php?rest_route=\/wp\/v2\/users\/1"}],"replies":[{"embeddable":true,"href":"https:\/\/rutkaitamas.hu\/index.php?rest_route=%2Fwp%2Fv2%2Fcomments&post=118"}],"version-history":[{"count":5,"href":"https:\/\/rutkaitamas.hu\/index.php?rest_route=\/wp\/v2\/pages\/118\/revisions"}],"predecessor-version":[{"id":1642,"href":"https:\/\/rutkaitamas.hu\/index.php?rest_route=\/wp\/v2\/pages\/118\/revisions\/1642"}],"up":[{"embeddable":true,"href":"https:\/\/rutkaitamas.hu\/index.php?rest_route=\/wp\/v2\/pages\/1817"}],"wp:attachment":[{"href":"https:\/\/rutkaitamas.hu\/index.php?rest_route=%2Fwp%2Fv2%2Fmedia&parent=118"}],"curies":[{"name":"wp","href":"https:\/\/api.w.org\/{rel}","templated":true}]}}