{"id":116,"date":"2012-09-08T16:59:25","date_gmt":"2012-09-08T14:59:25","guid":{"rendered":"http:\/\/rutkaitamas.hu\/?page_id=116"},"modified":"2022-12-29T19:43:15","modified_gmt":"2022-12-29T18:43:15","slug":"eletkepek-2","status":"publish","type":"page","link":"https:\/\/rutkaitamas.hu\/?page_id=116","title":{"rendered":"\u00c9letk\u00e9pek"},"content":{"rendered":"\n<div class=\"ngg-galleryoverview\" id=\"ngg-gallery-6-116\">\n\n\n\t\n\t<!-- Thumbnails -->\n\t\t\n\t<div id=\"ngg-image-319\" class=\"ngg-gallery-thumbnail-box\"  >\n\t\t<div class=\"ngg-gallery-thumbnail\" >\n\t\t\t<a href=\"https:\/\/rutkaitamas.hu\/wp-content\/gallery\/eletkepek_1\/mg_5988.jpg\" title=\" \" class=\"shutterset_set_6\" >\n\t\t\t\t\t\t\t\t<img loading=\"lazy\" decoding=\"async\" title=\"Dominik\" alt=\"Dominik\" src=\"https:\/\/rutkaitamas.hu\/wp-content\/gallery\/eletkepek_1\/thumbs\/thumbs_mg_5988.jpg\" width=\"100\" height=\"75\" \/>\n\t\t\t\t\t\t\t<\/a>\n\t\t<\/div>\n\t<\/div>\n\t\n\t\t\n \t\t\n\t<div id=\"ngg-image-318\" class=\"ngg-gallery-thumbnail-box\"  >\n\t\t<div class=\"ngg-gallery-thumbnail\" >\n\t\t\t<a href=\"https:\/\/rutkaitamas.hu\/wp-content\/gallery\/eletkepek_1\/mg_5950.jpg\" title=\" \" class=\"shutterset_set_6\" >\n\t\t\t\t\t\t\t\t<img loading=\"lazy\" decoding=\"async\" title=\"Dominik 2\" alt=\"Dominik 2\" src=\"https:\/\/rutkaitamas.hu\/wp-content\/gallery\/eletkepek_1\/thumbs\/thumbs_mg_5950.jpg\" width=\"100\" height=\"75\" \/>\n\t\t\t\t\t\t\t<\/a>\n\t\t<\/div>\n\t<\/div>\n\t\n\t\t\n \t\t\n\t<div id=\"ngg-image-317\" class=\"ngg-gallery-thumbnail-box\"  >\n\t\t<div class=\"ngg-gallery-thumbnail\" >\n\t\t\t<a href=\"https:\/\/rutkaitamas.hu\/wp-content\/gallery\/eletkepek_1\/mg_5590.jpg\" title=\" \" class=\"shutterset_set_6\" >\n\t\t\t\t\t\t\t\t<img loading=\"lazy\" decoding=\"async\" title=\"Tavasz\" alt=\"Tavasz\" src=\"https:\/\/rutkaitamas.hu\/wp-content\/gallery\/eletkepek_1\/thumbs\/thumbs_mg_5590.jpg\" width=\"100\" height=\"75\" \/>\n\t\t\t\t\t\t\t<\/a>\n\t\t<\/div>\n\t<\/div>\n\t\n\t\t\n \t\t\n\t<div id=\"ngg-image-280\" class=\"ngg-gallery-thumbnail-box\"  >\n\t\t<div class=\"ngg-gallery-thumbnail\" >\n\t\t\t<a href=\"https:\/\/rutkaitamas.hu\/wp-content\/gallery\/eletkepek_1\/mg_4327.jpg\" title=\" \" class=\"shutterset_set_6\" >\n\t\t\t\t\t\t\t\t<img loading=\"lazy\" decoding=\"async\" title=\"Di\u00f3t\u00f6r\u0151\" alt=\"Di\u00f3t\u00f6r\u0151\" src=\"https:\/\/rutkaitamas.hu\/wp-content\/gallery\/eletkepek_1\/thumbs\/thumbs_mg_4327.jpg\" width=\"100\" height=\"75\" \/>\n\t\t\t\t\t\t\t<\/a>\n\t\t<\/div>\n\t<\/div>\n\t\n\t\t\n \t\t\n\t<div id=\"ngg-image-275\" class=\"ngg-gallery-thumbnail-box\"  >\n\t\t<div class=\"ngg-gallery-thumbnail\" >\n\t\t\t<a href=\"https:\/\/rutkaitamas.hu\/wp-content\/gallery\/eletkepek_1\/mg_3754.jpg\" title=\" \" class=\"shutterset_set_6\" >\n\t\t\t\t\t\t\t\t<img loading=\"lazy\" decoding=\"async\" title=\"Eszterg\u00e1lyos munka k\u00f6zben\" alt=\"Eszterg\u00e1lyos munka k\u00f6zben\" src=\"https:\/\/rutkaitamas.hu\/wp-content\/gallery\/eletkepek_1\/thumbs\/thumbs_mg_3754.jpg\" width=\"100\" height=\"75\" \/>\n\t\t\t\t\t\t\t<\/a>\n\t\t<\/div>\n\t<\/div>\n\t\n\t\t\n \t\t\n\t<div id=\"ngg-image-271\" class=\"ngg-gallery-thumbnail-box\"  >\n\t\t<div class=\"ngg-gallery-thumbnail\" >\n\t\t\t<a href=\"https:\/\/rutkaitamas.hu\/wp-content\/gallery\/eletkepek_1\/mg_3215.jpg\" title=\" \" class=\"shutterset_set_6\" >\n\t\t\t\t\t\t\t\t<img loading=\"lazy\" decoding=\"async\" title=\"Alum\u00ednium \u00f6nt\u00e9s\" alt=\"Alum\u00ednium \u00f6nt\u00e9s\" src=\"https:\/\/rutkaitamas.hu\/wp-content\/gallery\/eletkepek_1\/thumbs\/thumbs_mg_3215.jpg\" width=\"100\" height=\"75\" \/>\n\t\t\t\t\t\t\t<\/a>\n\t\t<\/div>\n\t<\/div>\n\t\n\t\t\n \t\t\n\t<div id=\"ngg-image-250\" class=\"ngg-gallery-thumbnail-box\"  >\n\t\t<div class=\"ngg-gallery-thumbnail\" >\n\t\t\t<a href=\"https:\/\/rutkaitamas.hu\/wp-content\/gallery\/eletkepek_1\/mg_2966.jpg\" title=\" \" class=\"shutterset_set_6\" >\n\t\t\t\t\t\t\t\t<img loading=\"lazy\" decoding=\"async\" title=\"Fiatals\u00e1g bolonds\u00e1g\" alt=\"Fiatals\u00e1g bolonds\u00e1g\" src=\"https:\/\/rutkaitamas.hu\/wp-content\/gallery\/eletkepek_1\/thumbs\/thumbs_mg_2966.jpg\" width=\"100\" height=\"75\" \/>\n\t\t\t\t\t\t\t<\/a>\n\t\t<\/div>\n\t<\/div>\n\t\n\t\t\n \t\t\n\t<div id=\"ngg-image-184\" class=\"ngg-gallery-thumbnail-box\"  >\n\t\t<div class=\"ngg-gallery-thumbnail\" >\n\t\t\t<a href=\"https:\/\/rutkaitamas.hu\/wp-content\/gallery\/eletkepek_1\/mg_1468.jpg\" title=\" \" class=\"shutterset_set_6\" >\n\t\t\t\t\t\t\t\t<img loading=\"lazy\" decoding=\"async\" title=\"Horg\u00e1szok a Tisz\u00e1n\" alt=\"Horg\u00e1szok a Tisz\u00e1n\" src=\"https:\/\/rutkaitamas.hu\/wp-content\/gallery\/eletkepek_1\/thumbs\/thumbs_mg_1468.jpg\" width=\"100\" height=\"75\" \/>\n\t\t\t\t\t\t\t<\/a>\n\t\t<\/div>\n\t<\/div>\n\t\n\t\t\n \t\t\n\t<div id=\"ngg-image-183\" class=\"ngg-gallery-thumbnail-box\"  >\n\t\t<div class=\"ngg-gallery-thumbnail\" >\n\t\t\t<a href=\"https:\/\/rutkaitamas.hu\/wp-content\/gallery\/eletkepek_1\/mg_1448.jpg\" title=\" \" class=\"shutterset_set_6\" >\n\t\t\t\t\t\t\t\t<img loading=\"lazy\" decoding=\"async\" title=\"Rakod\u00e1s\" alt=\"Rakod\u00e1s\" src=\"https:\/\/rutkaitamas.hu\/wp-content\/gallery\/eletkepek_1\/thumbs\/thumbs_mg_1448.jpg\" width=\"100\" height=\"75\" \/>\n\t\t\t\t\t\t\t<\/a>\n\t\t<\/div>\n\t<\/div>\n\t\n\t\t\n \t\t\n\t<div id=\"ngg-image-118\" class=\"ngg-gallery-thumbnail-box\"  >\n\t\t<div class=\"ngg-gallery-thumbnail\" >\n\t\t\t<a href=\"https:\/\/rutkaitamas.hu\/wp-content\/gallery\/eletkepek_1\/mg_8752.jpg\" title=\" \" class=\"shutterset_set_6\" >\n\t\t\t\t\t\t\t\t<img loading=\"lazy\" decoding=\"async\" title=\"\u00c1ramsz\u00fcnet\" alt=\"\u00c1ramsz\u00fcnet\" src=\"https:\/\/rutkaitamas.hu\/wp-content\/gallery\/eletkepek_1\/thumbs\/thumbs_mg_8752.jpg\" width=\"100\" height=\"75\" \/>\n\t\t\t\t\t\t\t<\/a>\n\t\t<\/div>\n\t<\/div>\n\t\n\t\t\n \t\t\n\t<div id=\"ngg-image-112\" class=\"ngg-gallery-thumbnail-box\"  >\n\t\t<div class=\"ngg-gallery-thumbnail\" >\n\t\t\t<a href=\"https:\/\/rutkaitamas.hu\/wp-content\/gallery\/eletkepek_1\/dscf9622.jpg\" title=\" \" class=\"shutterset_set_6\" >\n\t\t\t\t\t\t\t\t<img loading=\"lazy\" decoding=\"async\" title=\"A vad\u00e1sz\" alt=\"A vad\u00e1sz\" src=\"https:\/\/rutkaitamas.hu\/wp-content\/gallery\/eletkepek_1\/thumbs\/thumbs_dscf9622.jpg\" width=\"100\" height=\"75\" \/>\n\t\t\t\t\t\t\t<\/a>\n\t\t<\/div>\n\t<\/div>\n\t\n\t\t\n \t\t\n\t<div id=\"ngg-image-111\" class=\"ngg-gallery-thumbnail-box\"  >\n\t\t<div class=\"ngg-gallery-thumbnail\" >\n\t\t\t<a href=\"https:\/\/rutkaitamas.hu\/wp-content\/gallery\/eletkepek_1\/dscf9593.jpg\" title=\" \" class=\"shutterset_set_6\" >\n\t\t\t\t\t\t\t\t<img loading=\"lazy\" decoding=\"async\" title=\"Nyugalom\" alt=\"Nyugalom\" src=\"https:\/\/rutkaitamas.hu\/wp-content\/gallery\/eletkepek_1\/thumbs\/thumbs_dscf9593.jpg\" width=\"100\" height=\"75\" \/>\n\t\t\t\t\t\t\t<\/a>\n\t\t<\/div>\n\t<\/div>\n\t\n\t\t\n \t\t\n\t<div id=\"ngg-image-99\" class=\"ngg-gallery-thumbnail-box\"  >\n\t\t<div class=\"ngg-gallery-thumbnail\" >\n\t\t\t<a href=\"https:\/\/rutkaitamas.hu\/wp-content\/gallery\/eletkepek_1\/dscf8895.jpg\" title=\" \" class=\"shutterset_set_6\" >\n\t\t\t\t\t\t\t\t<img loading=\"lazy\" decoding=\"async\" title=\"Vad\u00e1szra v\u00e1rva\" alt=\"Vad\u00e1szra v\u00e1rva\" src=\"https:\/\/rutkaitamas.hu\/wp-content\/gallery\/eletkepek_1\/thumbs\/thumbs_dscf8895.jpg\" width=\"100\" height=\"75\" \/>\n\t\t\t\t\t\t\t<\/a>\n\t\t<\/div>\n\t<\/div>\n\t\n\t\t\n \t\t\n\t<div id=\"ngg-image-91\" class=\"ngg-gallery-thumbnail-box\"  >\n\t\t<div class=\"ngg-gallery-thumbnail\" >\n\t\t\t<a href=\"https:\/\/rutkaitamas.hu\/wp-content\/gallery\/eletkepek_1\/dscf8864.jpg\" title=\" \" class=\"shutterset_set_6\" >\n\t\t\t\t\t\t\t\t<img loading=\"lazy\" decoding=\"async\" title=\"Sz\u00e1nt\u00e1s\" alt=\"Sz\u00e1nt\u00e1s\" src=\"https:\/\/rutkaitamas.hu\/wp-content\/gallery\/eletkepek_1\/thumbs\/thumbs_dscf8864.jpg\" width=\"100\" height=\"75\" \/>\n\t\t\t\t\t\t\t<\/a>\n\t\t<\/div>\n\t<\/div>\n\t\n\t\t\n \t\t\n\t<div id=\"ngg-image-90\" class=\"ngg-gallery-thumbnail-box\"  >\n\t\t<div class=\"ngg-gallery-thumbnail\" >\n\t\t\t<a href=\"https:\/\/rutkaitamas.hu\/wp-content\/gallery\/eletkepek_1\/dscf4912_0.jpg\" title=\" \" class=\"shutterset_set_6\" >\n\t\t\t\t\t\t\t\t<img loading=\"lazy\" decoding=\"async\" title=\"J\u00e1t\u00e9k\" alt=\"J\u00e1t\u00e9k\" src=\"https:\/\/rutkaitamas.hu\/wp-content\/gallery\/eletkepek_1\/thumbs\/thumbs_dscf4912_0.jpg\" width=\"100\" height=\"75\" \/>\n\t\t\t\t\t\t\t<\/a>\n\t\t<\/div>\n\t<\/div>\n\t\n\t\t\n \t\t\n\t<div id=\"ngg-image-86\" class=\"ngg-gallery-thumbnail-box\"  >\n\t\t<div class=\"ngg-gallery-thumbnail\" >\n\t\t\t<a href=\"https:\/\/rutkaitamas.hu\/wp-content\/gallery\/eletkepek_1\/dscf8705.jpg\" title=\" \" class=\"shutterset_set_6\" >\n\t\t\t\t\t\t\t\t<img loading=\"lazy\" decoding=\"async\" title=\"Almaszezon\" alt=\"Almaszezon\" src=\"https:\/\/rutkaitamas.hu\/wp-content\/gallery\/eletkepek_1\/thumbs\/thumbs_dscf8705.jpg\" width=\"100\" height=\"75\" \/>\n\t\t\t\t\t\t\t<\/a>\n\t\t<\/div>\n\t<\/div>\n\t\n\t\t\n \t\t\n\t<div id=\"ngg-image-83\" class=\"ngg-gallery-thumbnail-box\"  >\n\t\t<div class=\"ngg-gallery-thumbnail\" >\n\t\t\t<a href=\"https:\/\/rutkaitamas.hu\/wp-content\/gallery\/eletkepek_1\/dscf8670.jpg\" title=\" \" class=\"shutterset_set_6\" >\n\t\t\t\t\t\t\t\t<img loading=\"lazy\" decoding=\"async\" title=\"\u00c9l\u00e9skamra\" alt=\"\u00c9l\u00e9skamra\" src=\"https:\/\/rutkaitamas.hu\/wp-content\/gallery\/eletkepek_1\/thumbs\/thumbs_dscf8670.jpg\" width=\"100\" height=\"75\" \/>\n\t\t\t\t\t\t\t<\/a>\n\t\t<\/div>\n\t<\/div>\n\t\n\t\t\n \t\t\n\t<div id=\"ngg-image-82\" class=\"ngg-gallery-thumbnail-box\"  >\n\t\t<div class=\"ngg-gallery-thumbnail\" >\n\t\t\t<a href=\"https:\/\/rutkaitamas.hu\/wp-content\/gallery\/eletkepek_1\/dscf8668.jpg\" title=\" \" class=\"shutterset_set_6\" >\n\t\t\t\t\t\t\t\t<img loading=\"lazy\" decoding=\"async\" title=\"Di\u00f3\" alt=\"Di\u00f3\" src=\"https:\/\/rutkaitamas.hu\/wp-content\/gallery\/eletkepek_1\/thumbs\/thumbs_dscf8668.jpg\" width=\"100\" height=\"75\" \/>\n\t\t\t\t\t\t\t<\/a>\n\t\t<\/div>\n\t<\/div>\n\t\n\t\t\n \t\t\n\t<div id=\"ngg-image-16\" class=\"ngg-gallery-thumbnail-box\"  >\n\t\t<div class=\"ngg-gallery-thumbnail\" >\n\t\t\t<a href=\"https:\/\/rutkaitamas.hu\/wp-content\/gallery\/eletkepek_1\/dscf6852.jpg\" title=\" \" class=\"shutterset_set_6\" >\n\t\t\t\t\t\t\t\t<img loading=\"lazy\" decoding=\"async\" title=\"D\u00e9lut\u00e1ni pihen\u0151\" alt=\"D\u00e9lut\u00e1ni pihen\u0151\" src=\"https:\/\/rutkaitamas.hu\/wp-content\/gallery\/eletkepek_1\/thumbs\/thumbs_dscf6852.jpg\" width=\"100\" height=\"75\" \/>\n\t\t\t\t\t\t\t<\/a>\n\t\t<\/div>\n\t<\/div>\n\t\n\t\t\n \t\t\n\t<div id=\"ngg-image-15\" class=\"ngg-gallery-thumbnail-box\"  >\n\t\t<div class=\"ngg-gallery-thumbnail\" >\n\t\t\t<a href=\"https:\/\/rutkaitamas.hu\/wp-content\/gallery\/eletkepek_1\/dscf4258.jpg\" title=\" \" class=\"shutterset_set_6\" >\n\t\t\t\t\t\t\t\t<img loading=\"lazy\" decoding=\"async\" title=\"Tiszai horg\u00e1sz\" alt=\"Tiszai horg\u00e1sz\" src=\"https:\/\/rutkaitamas.hu\/wp-content\/gallery\/eletkepek_1\/thumbs\/thumbs_dscf4258.jpg\" width=\"100\" height=\"75\" \/>\n\t\t\t\t\t\t\t<\/a>\n\t\t<\/div>\n\t<\/div>\n\t\n\t\t\n \t \t\n\t<!-- Pagination -->\n \t<div class='ngg-clear'><\/div>\n \t\n<\/div>\n\n\n","protected":false},"excerpt":{"rendered":"","protected":false},"author":1,"featured_media":0,"parent":1817,"menu_order":6,"comment_status":"open","ping_status":"closed","template":"","meta":{"footnotes":""},"class_list":["post-116","page","type-page","status-publish","hentry"],"_links":{"self":[{"href":"https:\/\/rutkaitamas.hu\/index.php?rest_route=\/wp\/v2\/pages\/116","targetHints":{"allow":["GET"]}}],"collection":[{"href":"https:\/\/rutkaitamas.hu\/index.php?rest_route=\/wp\/v2\/pages"}],"about":[{"href":"https:\/\/rutkaitamas.hu\/index.php?rest_route=\/wp\/v2\/types\/page"}],"author":[{"embeddable":true,"href":"https:\/\/rutkaitamas.hu\/index.php?rest_route=\/wp\/v2\/users\/1"}],"replies":[{"embeddable":true,"href":"https:\/\/rutkaitamas.hu\/index.php?rest_route=%2Fwp%2Fv2%2Fcomments&post=116"}],"version-history":[{"count":3,"href":"https:\/\/rutkaitamas.hu\/index.php?rest_route=\/wp\/v2\/pages\/116\/revisions"}],"predecessor-version":[{"id":1202,"href":"https:\/\/rutkaitamas.hu\/index.php?rest_route=\/wp\/v2\/pages\/116\/revisions\/1202"}],"up":[{"embeddable":true,"href":"https:\/\/rutkaitamas.hu\/index.php?rest_route=\/wp\/v2\/pages\/1817"}],"wp:attachment":[{"href":"https:\/\/rutkaitamas.hu\/index.php?rest_route=%2Fwp%2Fv2%2Fmedia&parent=116"}],"curies":[{"name":"wp","href":"https:\/\/api.w.org\/{rel}","templated":true}]}}