{"id":114,"date":"2012-09-08T16:58:52","date_gmt":"2012-09-08T14:58:52","guid":{"rendered":"http:\/\/rutkaitamas.hu\/?page_id=114"},"modified":"2022-12-29T19:43:22","modified_gmt":"2022-12-29T18:43:22","slug":"tajkepek-2","status":"publish","type":"page","link":"https:\/\/rutkaitamas.hu\/?page_id=114","title":{"rendered":"T\u00e1jk\u00e9pek"},"content":{"rendered":"\n<div class=\"ngg-galleryoverview\" id=\"ngg-gallery-5-114\">\n\n\n\t\n\t<!-- Thumbnails -->\n\t\t\n\t<div id=\"ngg-image-960\" class=\"ngg-gallery-thumbnail-box\"  >\n\t\t<div class=\"ngg-gallery-thumbnail\" >\n\t\t\t<a href=\"https:\/\/rutkaitamas.hu\/wp-content\/gallery\/tajkepek_1\/img_1688.jpg\" title=\" \" class=\"shutterset_set_5\" >\n\t\t\t\t\t\t\t\t<img loading=\"lazy\" decoding=\"async\" title=\"Id\u00e9zet egy festm\u00e9nyb\u0151l\" alt=\"Id\u00e9zet egy festm\u00e9nyb\u0151l\" src=\"https:\/\/rutkaitamas.hu\/wp-content\/gallery\/tajkepek_1\/thumbs\/thumbs_img_1688.jpg\" width=\"100\" height=\"75\" \/>\n\t\t\t\t\t\t\t<\/a>\n\t\t<\/div>\n\t<\/div>\n\t\n\t\t\n \t\t\n\t<div id=\"ngg-image-919\" class=\"ngg-gallery-thumbnail-box\"  >\n\t\t<div class=\"ngg-gallery-thumbnail\" >\n\t\t\t<a href=\"https:\/\/rutkaitamas.hu\/wp-content\/gallery\/tajkepek_1\/img_9700.jpg\" title=\" \" class=\"shutterset_set_5\" >\n\t\t\t\t\t\t\t\t<img loading=\"lazy\" decoding=\"async\" title=\"Egy hideg reggel\" alt=\"Egy hideg reggel\" src=\"https:\/\/rutkaitamas.hu\/wp-content\/gallery\/tajkepek_1\/thumbs\/thumbs_img_9700.jpg\" width=\"100\" height=\"75\" \/>\n\t\t\t\t\t\t\t<\/a>\n\t\t<\/div>\n\t<\/div>\n\t\n\t\t\n \t\t\n\t<div id=\"ngg-image-626\" class=\"ngg-gallery-thumbnail-box\"  >\n\t\t<div class=\"ngg-gallery-thumbnail\" >\n\t\t\t<a href=\"https:\/\/rutkaitamas.hu\/wp-content\/gallery\/tajkepek_1\/img_8213.jpg\" title=\" \" class=\"shutterset_set_5\" >\n\t\t\t\t\t\t\t\t<img loading=\"lazy\" decoding=\"async\" title=\"Danka\" alt=\"Danka\" src=\"https:\/\/rutkaitamas.hu\/wp-content\/gallery\/tajkepek_1\/thumbs\/thumbs_img_8213.jpg\" width=\"100\" height=\"75\" \/>\n\t\t\t\t\t\t\t<\/a>\n\t\t<\/div>\n\t<\/div>\n\t\n\t\t\n \t\t\n\t<div id=\"ngg-image-625\" class=\"ngg-gallery-thumbnail-box\"  >\n\t\t<div class=\"ngg-gallery-thumbnail\" >\n\t\t\t<a href=\"https:\/\/rutkaitamas.hu\/wp-content\/gallery\/tajkepek_1\/img_8205.jpg\" title=\" \" class=\"shutterset_set_5\" >\n\t\t\t\t\t\t\t\t<img loading=\"lazy\" decoding=\"async\" title=\"Tavi naplemente\" alt=\"Tavi naplemente\" src=\"https:\/\/rutkaitamas.hu\/wp-content\/gallery\/tajkepek_1\/thumbs\/thumbs_img_8205.jpg\" width=\"100\" height=\"75\" \/>\n\t\t\t\t\t\t\t<\/a>\n\t\t<\/div>\n\t<\/div>\n\t\n\t\t\n \t\t\n\t<div id=\"ngg-image-624\" class=\"ngg-gallery-thumbnail-box\"  >\n\t\t<div class=\"ngg-gallery-thumbnail\" >\n\t\t\t<a href=\"https:\/\/rutkaitamas.hu\/wp-content\/gallery\/tajkepek_1\/img_8171.jpg\" title=\" \" class=\"shutterset_set_5\" >\n\t\t\t\t\t\t\t\t<img loading=\"lazy\" decoding=\"async\" title=\"Tavi naplemente 2\" alt=\"Tavi naplemente 2\" src=\"https:\/\/rutkaitamas.hu\/wp-content\/gallery\/tajkepek_1\/thumbs\/thumbs_img_8171.jpg\" width=\"100\" height=\"75\" \/>\n\t\t\t\t\t\t\t<\/a>\n\t\t<\/div>\n\t<\/div>\n\t\n\t\t\n \t\t\n\t<div id=\"ngg-image-623\" class=\"ngg-gallery-thumbnail-box\"  >\n\t\t<div class=\"ngg-gallery-thumbnail\" >\n\t\t\t<a href=\"https:\/\/rutkaitamas.hu\/wp-content\/gallery\/tajkepek_1\/img_8111.jpg\" title=\" \" class=\"shutterset_set_5\" >\n\t\t\t\t\t\t\t\t<img loading=\"lazy\" decoding=\"async\" title=\"Danka sziluett\" alt=\"Danka sziluett\" src=\"https:\/\/rutkaitamas.hu\/wp-content\/gallery\/tajkepek_1\/thumbs\/thumbs_img_8111.jpg\" width=\"100\" height=\"75\" \/>\n\t\t\t\t\t\t\t<\/a>\n\t\t<\/div>\n\t<\/div>\n\t\n\t\t\n \t\t\n\t<div id=\"ngg-image-350\" class=\"ngg-gallery-thumbnail-box\"  >\n\t\t<div class=\"ngg-gallery-thumbnail\" >\n\t\t\t<a href=\"https:\/\/rutkaitamas.hu\/wp-content\/gallery\/tajkepek_1\/mg_7948.jpg\" title=\" \" class=\"shutterset_set_5\" >\n\t\t\t\t\t\t\t\t<img loading=\"lazy\" decoding=\"async\" title=\"Sil\u00f3\" alt=\"Sil\u00f3\" src=\"https:\/\/rutkaitamas.hu\/wp-content\/gallery\/tajkepek_1\/thumbs\/thumbs_mg_7948.jpg\" width=\"100\" height=\"75\" \/>\n\t\t\t\t\t\t\t<\/a>\n\t\t<\/div>\n\t<\/div>\n\t\n\t\t\n \t\t\n\t<div id=\"ngg-image-328\" class=\"ngg-gallery-thumbnail-box\"  >\n\t\t<div class=\"ngg-gallery-thumbnail\" >\n\t\t\t<a href=\"https:\/\/rutkaitamas.hu\/wp-content\/gallery\/tajkepek_1\/mg_6120.jpg\" title=\" \" class=\"shutterset_set_5\" >\n\t\t\t\t\t\t\t\t<img loading=\"lazy\" decoding=\"async\" title=\"P\u00e1r\u00e1s b\u00fazamez\u0151\" alt=\"P\u00e1r\u00e1s b\u00fazamez\u0151\" src=\"https:\/\/rutkaitamas.hu\/wp-content\/gallery\/tajkepek_1\/thumbs\/thumbs_mg_6120.jpg\" width=\"100\" height=\"75\" \/>\n\t\t\t\t\t\t\t<\/a>\n\t\t<\/div>\n\t<\/div>\n\t\n\t\t\n \t\t\n\t<div id=\"ngg-image-308\" class=\"ngg-gallery-thumbnail-box\"  >\n\t\t<div class=\"ngg-gallery-thumbnail\" >\n\t\t\t<a href=\"https:\/\/rutkaitamas.hu\/wp-content\/gallery\/tajkepek_1\/mg_5116.jpg\" title=\" \" class=\"shutterset_set_5\" >\n\t\t\t\t\t\t\t\t<img loading=\"lazy\" decoding=\"async\" title=\"N\u00e9ma holt\u00e1g\" alt=\"N\u00e9ma holt\u00e1g\" src=\"https:\/\/rutkaitamas.hu\/wp-content\/gallery\/tajkepek_1\/thumbs\/thumbs_mg_5116.jpg\" width=\"100\" height=\"75\" \/>\n\t\t\t\t\t\t\t<\/a>\n\t\t<\/div>\n\t<\/div>\n\t\n\t\t\n \t\t\n\t<div id=\"ngg-image-299\" class=\"ngg-gallery-thumbnail-box\"  >\n\t\t<div class=\"ngg-gallery-thumbnail\" >\n\t\t\t<a href=\"https:\/\/rutkaitamas.hu\/wp-content\/gallery\/tajkepek_1\/mg_4850.jpg\" title=\" \" class=\"shutterset_set_5\" >\n\t\t\t\t\t\t\t\t<img loading=\"lazy\" decoding=\"async\" title=\"Integet\u0151 nap\" alt=\"Integet\u0151 nap\" src=\"https:\/\/rutkaitamas.hu\/wp-content\/gallery\/tajkepek_1\/thumbs\/thumbs_mg_4850.jpg\" width=\"100\" height=\"75\" \/>\n\t\t\t\t\t\t\t<\/a>\n\t\t<\/div>\n\t<\/div>\n\t\n\t\t\n \t\t\n\t<div id=\"ngg-image-298\" class=\"ngg-gallery-thumbnail-box\"  >\n\t\t<div class=\"ngg-gallery-thumbnail\" >\n\t\t\t<a href=\"https:\/\/rutkaitamas.hu\/wp-content\/gallery\/tajkepek_1\/mg_4846.jpg\" title=\" \" class=\"shutterset_set_5\" >\n\t\t\t\t\t\t\t\t<img loading=\"lazy\" decoding=\"async\" title=\"Naplemente almaf\u00e1k f\u00f6l\u00f6tt\" alt=\"Naplemente almaf\u00e1k f\u00f6l\u00f6tt\" src=\"https:\/\/rutkaitamas.hu\/wp-content\/gallery\/tajkepek_1\/thumbs\/thumbs_mg_4846.jpg\" width=\"100\" height=\"75\" \/>\n\t\t\t\t\t\t\t<\/a>\n\t\t<\/div>\n\t<\/div>\n\t\n\t\t\n \t\t\n\t<div id=\"ngg-image-279\" class=\"ngg-gallery-thumbnail-box\"  >\n\t\t<div class=\"ngg-gallery-thumbnail\" >\n\t\t\t<a href=\"https:\/\/rutkaitamas.hu\/wp-content\/gallery\/tajkepek_1\/mg_4119.jpg\" title=\" \" class=\"shutterset_set_5\" >\n\t\t\t\t\t\t\t\t<img loading=\"lazy\" decoding=\"async\" title=\"Paletta\" alt=\"Paletta\" src=\"https:\/\/rutkaitamas.hu\/wp-content\/gallery\/tajkepek_1\/thumbs\/thumbs_mg_4119.jpg\" width=\"100\" height=\"75\" \/>\n\t\t\t\t\t\t\t<\/a>\n\t\t<\/div>\n\t<\/div>\n\t\n\t\t\n \t\t\n\t<div id=\"ngg-image-276\" class=\"ngg-gallery-thumbnail-box\"  >\n\t\t<div class=\"ngg-gallery-thumbnail\" >\n\t\t\t<a href=\"https:\/\/rutkaitamas.hu\/wp-content\/gallery\/tajkepek_1\/mg_4047.jpg\" title=\" \" class=\"shutterset_set_5\" >\n\t\t\t\t\t\t\t\t<img loading=\"lazy\" decoding=\"async\" title=\"Okt\u00f3beri hajnal\" alt=\"Okt\u00f3beri hajnal\" src=\"https:\/\/rutkaitamas.hu\/wp-content\/gallery\/tajkepek_1\/thumbs\/thumbs_mg_4047.jpg\" width=\"100\" height=\"75\" \/>\n\t\t\t\t\t\t\t<\/a>\n\t\t<\/div>\n\t<\/div>\n\t\n\t\t\n \t\t\n\t<div id=\"ngg-image-274\" class=\"ngg-gallery-thumbnail-box\"  >\n\t\t<div class=\"ngg-gallery-thumbnail\" >\n\t\t\t<a href=\"https:\/\/rutkaitamas.hu\/wp-content\/gallery\/tajkepek_1\/mg_3665.jpg\" title=\" \" class=\"shutterset_set_5\" >\n\t\t\t\t\t\t\t\t<img loading=\"lazy\" decoding=\"async\" title=\"\u0150szi r\u00e9szlet\" alt=\"\u0150szi r\u00e9szlet\" src=\"https:\/\/rutkaitamas.hu\/wp-content\/gallery\/tajkepek_1\/thumbs\/thumbs_mg_3665.jpg\" width=\"100\" height=\"75\" \/>\n\t\t\t\t\t\t\t<\/a>\n\t\t<\/div>\n\t<\/div>\n\t\n\t\t\n \t\t\n\t<div id=\"ngg-image-273\" class=\"ngg-gallery-thumbnail-box\"  >\n\t\t<div class=\"ngg-gallery-thumbnail\" >\n\t\t\t<a href=\"https:\/\/rutkaitamas.hu\/wp-content\/gallery\/tajkepek_1\/mg_3656.jpg\" title=\" \" class=\"shutterset_set_5\" >\n\t\t\t\t\t\t\t\t<img loading=\"lazy\" decoding=\"async\" title=\"Korl\u00e1t a t\u00f3 mellett\" alt=\"Korl\u00e1t a t\u00f3 mellett\" src=\"https:\/\/rutkaitamas.hu\/wp-content\/gallery\/tajkepek_1\/thumbs\/thumbs_mg_3656.jpg\" width=\"100\" height=\"75\" \/>\n\t\t\t\t\t\t\t<\/a>\n\t\t<\/div>\n\t<\/div>\n\t\n\t\t\n \t\t\n\t<div id=\"ngg-image-270\" class=\"ngg-gallery-thumbnail-box\"  >\n\t\t<div class=\"ngg-gallery-thumbnail\" >\n\t\t\t<a href=\"https:\/\/rutkaitamas.hu\/wp-content\/gallery\/tajkepek_1\/mg_3193.jpg\" title=\" \" class=\"shutterset_set_5\" >\n\t\t\t\t\t\t\t\t<img loading=\"lazy\" decoding=\"async\" title=\"Lemen\u0151 nap\" alt=\"Lemen\u0151 nap\" src=\"https:\/\/rutkaitamas.hu\/wp-content\/gallery\/tajkepek_1\/thumbs\/thumbs_mg_3193.jpg\" width=\"100\" height=\"75\" \/>\n\t\t\t\t\t\t\t<\/a>\n\t\t<\/div>\n\t<\/div>\n\t\n\t\t\n \t\t\n\t<div id=\"ngg-image-139\" class=\"ngg-gallery-thumbnail-box\"  >\n\t\t<div class=\"ngg-gallery-thumbnail\" >\n\t\t\t<a href=\"https:\/\/rutkaitamas.hu\/wp-content\/gallery\/tajkepek_1\/mg_9242.jpg\" title=\" \" class=\"shutterset_set_5\" >\n\t\t\t\t\t\t\t\t<img loading=\"lazy\" decoding=\"async\" title=\"K\u00e9s\u0151 d\u00e9lut\u00e1n\" alt=\"K\u00e9s\u0151 d\u00e9lut\u00e1n\" src=\"https:\/\/rutkaitamas.hu\/wp-content\/gallery\/tajkepek_1\/thumbs\/thumbs_mg_9242.jpg\" width=\"100\" height=\"75\" \/>\n\t\t\t\t\t\t\t<\/a>\n\t\t<\/div>\n\t<\/div>\n\t\n\t\t\n \t\t\n\t<div id=\"ngg-image-122\" class=\"ngg-gallery-thumbnail-box\"  >\n\t\t<div class=\"ngg-gallery-thumbnail\" >\n\t\t\t<a href=\"https:\/\/rutkaitamas.hu\/wp-content\/gallery\/tajkepek_1\/mg_9091.jpg\" title=\" \" class=\"shutterset_set_5\" >\n\t\t\t\t\t\t\t\t<img loading=\"lazy\" decoding=\"async\" title=\"A bicigli\u00fatr\u00f3l\" alt=\"A bicigli\u00fatr\u00f3l\" src=\"https:\/\/rutkaitamas.hu\/wp-content\/gallery\/tajkepek_1\/thumbs\/thumbs_mg_9091.jpg\" width=\"100\" height=\"75\" \/>\n\t\t\t\t\t\t\t<\/a>\n\t\t<\/div>\n\t<\/div>\n\t\n\t\t\n \t\t\n\t<div id=\"ngg-image-110\" class=\"ngg-gallery-thumbnail-box\"  >\n\t\t<div class=\"ngg-gallery-thumbnail\" >\n\t\t\t<a href=\"https:\/\/rutkaitamas.hu\/wp-content\/gallery\/tajkepek_1\/dscf9515.jpg\" title=\" \" class=\"shutterset_set_5\" >\n\t\t\t\t\t\t\t\t<img loading=\"lazy\" decoding=\"async\" title=\"T\u00e9li t\u00f6lt\u00e9s\" alt=\"T\u00e9li t\u00f6lt\u00e9s\" src=\"https:\/\/rutkaitamas.hu\/wp-content\/gallery\/tajkepek_1\/thumbs\/thumbs_dscf9515.jpg\" width=\"100\" height=\"75\" \/>\n\t\t\t\t\t\t\t<\/a>\n\t\t<\/div>\n\t<\/div>\n\t\n\t\t\n \t\t\n\t<div id=\"ngg-image-101\" class=\"ngg-gallery-thumbnail-box\"  >\n\t\t<div class=\"ngg-gallery-thumbnail\" >\n\t\t\t<a href=\"https:\/\/rutkaitamas.hu\/wp-content\/gallery\/tajkepek_1\/dscf9236.jpg\" title=\" \" class=\"shutterset_set_5\" >\n\t\t\t\t\t\t\t\t<img loading=\"lazy\" decoding=\"async\" title=\"Csobog\u00f3\" alt=\"Csobog\u00f3\" src=\"https:\/\/rutkaitamas.hu\/wp-content\/gallery\/tajkepek_1\/thumbs\/thumbs_dscf9236.jpg\" width=\"100\" height=\"75\" \/>\n\t\t\t\t\t\t\t<\/a>\n\t\t<\/div>\n\t<\/div>\n\t\n\t\t\n \t \t\n\t<!-- Pagination -->\n \t<div class='ngg-navigation'><span class=\"current\">1<\/span><a class=\"page-numbers\" href=\"https:\/\/rutkaitamas.hu\/?page_id=114&amp;nggpage=2\">2<\/a><a class=\"next\" id=\"ngg-next-2\" href=\"https:\/\/rutkaitamas.hu\/?page_id=114&amp;nggpage=2\">&#9658;<\/a><\/div> \t\n<\/div>\n\n\n","protected":false},"excerpt":{"rendered":"","protected":false},"author":1,"featured_media":0,"parent":1817,"menu_order":7,"comment_status":"open","ping_status":"closed","template":"","meta":{"footnotes":""},"class_list":["post-114","page","type-page","status-publish","hentry"],"_links":{"self":[{"href":"https:\/\/rutkaitamas.hu\/index.php?rest_route=\/wp\/v2\/pages\/114","targetHints":{"allow":["GET"]}}],"collection":[{"href":"https:\/\/rutkaitamas.hu\/index.php?rest_route=\/wp\/v2\/pages"}],"about":[{"href":"https:\/\/rutkaitamas.hu\/index.php?rest_route=\/wp\/v2\/types\/page"}],"author":[{"embeddable":true,"href":"https:\/\/rutkaitamas.hu\/index.php?rest_route=\/wp\/v2\/users\/1"}],"replies":[{"embeddable":true,"href":"https:\/\/rutkaitamas.hu\/index.php?rest_route=%2Fwp%2Fv2%2Fcomments&post=114"}],"version-history":[{"count":6,"href":"https:\/\/rutkaitamas.hu\/index.php?rest_route=\/wp\/v2\/pages\/114\/revisions"}],"predecessor-version":[{"id":1206,"href":"https:\/\/rutkaitamas.hu\/index.php?rest_route=\/wp\/v2\/pages\/114\/revisions\/1206"}],"up":[{"embeddable":true,"href":"https:\/\/rutkaitamas.hu\/index.php?rest_route=\/wp\/v2\/pages\/1817"}],"wp:attachment":[{"href":"https:\/\/rutkaitamas.hu\/index.php?rest_route=%2Fwp%2Fv2%2Fmedia&parent=114"}],"curies":[{"name":"wp","href":"https:\/\/api.w.org\/{rel}","templated":true}]}}