{"id":112,"date":"2012-09-08T16:51:48","date_gmt":"2012-09-08T14:51:48","guid":{"rendered":"http:\/\/rutkaitamas.hu\/?page_id=112"},"modified":"2016-09-29T16:21:35","modified_gmt":"2016-09-29T14:21:35","slug":"linkajanlo-2","status":"publish","type":"page","link":"https:\/\/rutkaitamas.hu\/?page_id=112","title":{"rendered":"Linkek"},"content":{"rendered":"<p><img loading=\"lazy\" decoding=\"async\" class=\"aligncenter size-medium wp-image-2028\" src=\"http:\/\/rutkaitamas.hu\/wp-content\/uploads\/2016\/08\/cropped-IMG_1873..-595x238.jpg\" alt=\"cropped-IMG_1873...jpg\" width=\"595\" height=\"238\" srcset=\"https:\/\/rutkaitamas.hu\/wp-content\/uploads\/2016\/08\/cropped-IMG_1873..-595x238.jpg 595w, https:\/\/rutkaitamas.hu\/wp-content\/uploads\/2016\/08\/cropped-IMG_1873..-960x385.jpg 960w, https:\/\/rutkaitamas.hu\/wp-content\/uploads\/2016\/08\/cropped-IMG_1873...jpg 1600w\" sizes=\"auto, (max-width: 595px) 100vw, 595px\" \/><\/p>\n<h4><span style=\"color: #ff9900;\"><a title=\"Ibr\u00e1ny \u00e9s t\u00e9rs\u00e9ge term\u00e9szetv\u00e9delmi egyes\u00fclet\" href=\"http:\/\/www.itte.hu\" target=\"_blank\">itte.hu<\/a><\/span><\/h4>\n<h4><span style=\"color: #ff9900;\"><a title=\"A magyar mad\u00e1rfot\u00f3sok oldala\" href=\"http:\/\/www.birdphotography.hu\" target=\"_blank\">birdphotography.hu<\/a><\/span><\/h4>\n<h4><span style=\"color: #ff9900;\"><a title=\"Magyar Mad\u00e1rtani \u00e9s Term\u00e9szetv\u00e9delmi egyes\u00fclet\" href=\"http:\/\/www.mme.hu\" target=\"_blank\">mme.hu<\/a><\/span><\/h4>\n<h4><a title=\"V\u00f6lgyi S\u00e1ndor fot\u00f3gal\u00e9ria\" href=\"http:\/\/volgyisandor.extra.hu\/\" target=\"_blank\">volgyisandor.extra.hu<\/a><\/h4>\n<h4><a title=\"dr. Vince Tam\u00e1s term\u00e9szetfot\u00f3z\u00e1s\" href=\"http:\/\/drtomasz.blogspot.hu\/\" target=\"_blank\">drtomasz.blogspot.hu<\/a><\/h4>\n<h4><a title=\"G\u00f3gor Mikl\u00f3s term\u00e9szetfot\u00f3s napl\u00f3\" href=\"http:\/\/gmiklos.blogspot.hu\" target=\"_blank\">gmiklos.blogspot.hu<\/a><\/h4>\n<h4><a title=\"Csongr\u00e1di R\u00f3bert wildlife photos\" href=\"http:\/\/csongradirobert.blogspot.hu\/\" target=\"_blank\">csongradirobert.blogspot.hu<\/a><\/h4>\n<p>&nbsp;<\/p>\n","protected":false},"excerpt":{"rendered":"<p>itte.hu birdphotography.hu mme.hu volgyisandor.extra.hu drtomasz.blogspot.hu gmiklos.blogspot.hu csongradirobert.blogspot.hu &nbsp;<\/p>\n","protected":false},"author":1,"featured_media":0,"parent":0,"menu_order":10,"comment_status":"closed","ping_status":"closed","template":"","meta":{"footnotes":""},"class_list":["post-112","page","type-page","status-publish","hentry"],"_links":{"self":[{"href":"https:\/\/rutkaitamas.hu\/index.php?rest_route=\/wp\/v2\/pages\/112","targetHints":{"allow":["GET"]}}],"collection":[{"href":"https:\/\/rutkaitamas.hu\/index.php?rest_route=\/wp\/v2\/pages"}],"about":[{"href":"https:\/\/rutkaitamas.hu\/index.php?rest_route=\/wp\/v2\/types\/page"}],"author":[{"embeddable":true,"href":"https:\/\/rutkaitamas.hu\/index.php?rest_route=\/wp\/v2\/users\/1"}],"replies":[{"embeddable":true,"href":"https:\/\/rutkaitamas.hu\/index.php?rest_route=%2Fwp%2Fv2%2Fcomments&post=112"}],"version-history":[{"count":20,"href":"https:\/\/rutkaitamas.hu\/index.php?rest_route=\/wp\/v2\/pages\/112\/revisions"}],"predecessor-version":[{"id":2031,"href":"https:\/\/rutkaitamas.hu\/index.php?rest_route=\/wp\/v2\/pages\/112\/revisions\/2031"}],"wp:attachment":[{"href":"https:\/\/rutkaitamas.hu\/index.php?rest_route=%2Fwp%2Fv2%2Fmedia&parent=112"}],"curies":[{"name":"wp","href":"https:\/\/api.w.org\/{rel}","templated":true}]}}